{"id":213,"date":"2025-01-02T12:37:56","date_gmt":"2025-01-02T15:37:56","guid":{"rendered":"http:\/\/localhost:undefined\/?page_id=213"},"modified":"2025-01-02T12:37:56","modified_gmt":"2025-01-02T15:37:56","slug":"politica-de-privacidade","status":"publish","type":"page","link":"https:\/\/homedigitalcontrol.pt\/index.php\/politica-de-privacidade\/","title":{"rendered":"Politica de Privacidade"},"content":{"rendered":"\t\t<div data-elementor-type=\"wp-page\" data-elementor-id=\"213\" class=\"elementor elementor-213\">\n\t\t\t\t<div class=\"elementor-element elementor-element-54a6785 e-flex e-con-boxed wpr-particle-no wpr-jarallax-no wpr-parallax-no wpr-sticky-section-no e-con e-parent\" data-id=\"54a6785\" data-element_type=\"container\">\n\t\t\t\t\t<div class=\"e-con-inner\">\n\t\t\t\t<div class=\"elementor-element elementor-element-e9d96da elementor-widget elementor-widget-text-editor\" data-id=\"e9d96da\" data-element_type=\"widget\" data-widget_type=\"text-editor.default\">\n\t\t\t\t<div class=\"elementor-widget-container\">\n\t\t\t\t\t\t\t\t\t<div class=\"container\"><div class=\"row\"><div class=\"col-sm-12\"><h1 class=\"page-title\">Pol\u00edtica de Privacidade<\/h1><\/div><\/div><\/div><div class=\"container\"><div class=\"row\"><div class=\"col-sm-12\"><h3>Artigos 8\u00ba, 13\u00ba, 14\u00ba e 21\u00ba do Regulamento Geral de Protec\u00e7\u00e3o de Dados &#8211; RGPD<\/h3><p>Obrigado por ter mostrado interesse na Incognit Domain \u2013 Digital Control Lda. A prote\u00e7\u00e3o de dados \u00e9 priorit\u00e1ria para n\u00f3s, da\u00ed apresentarmos aqui a nossa pol\u00edtica de privacidade. Embora seja poss\u00edvel utilizar o nosso site sem qualquer indica\u00e7\u00e3o de dados pessoais, para determinados servi\u00e7os \u00e9 necess\u00e1rio o envio consentido dos mesmos. Desta forma a Incognit Domain \u2013 Digital Control Lda. pretende informar os utilizadores do nosso web site sobre a natureza, alcance e finalidade dos dados recolhidos.<\/p><h4>1. \u00c2mbito da nossa Pol\u00edtica de Privacidade<\/h4><p>A presente pol\u00edtica de privacidade abrange o website da Incognit Domain \u2013 Digital Control Lda. e explica como \u00e9 usado a informa\u00e7\u00e3o pessoal que recolhemos acerca de si quando usa este website. A Incognit Domain \u2013 Digital Control Lda.respeita a privacidade do Utilizador e processa os dados pessoais de acordo com as leis em vigor. Os dados n\u00e3o ser\u00e3o processados para outros fins que n\u00e3o os aqui especificados.<\/p><p>A Incognit Domain \u2013 Digital Control Lda. reserva-se no direito de modificar ou atualizar esta Pol\u00edtica de Privacidade a qualquer momento, nomeadamente para adapt\u00e1-la a altera\u00e7\u00f5es legislativas.<\/p><h4>2. Qual a informa\u00e7\u00e3o que recolhemos?<\/h4><p>Recolhemos informa\u00e7\u00e3o quando envia formul\u00e1rios de contacto a partir do site ou quando utiliza a ferramenta de conversa\u00e7\u00e3o, nomeadamente os contactos por email e telef\u00f3nicos. Assim, apenas recolhemos a informa\u00e7\u00e3o que preenche nos formul\u00e1rios enviados. A informa\u00e7\u00e3o de uso do website \u00e9 recolhida usando cookies.<\/p><h4>3. Como utilizamos essa informa\u00e7\u00e3o?<\/h4><p>Os dados recolhidos servem apenas para dar continuidade ao contacto que solicitou. A Incognit Domain \u2013 Digital Control Lda. n\u00e3o partilha a sua informa\u00e7\u00e3o com terceiros. Poderemos enviar informa\u00e7\u00e3o acerca dos produtos e servi\u00e7os da Incognit Domain \u2013 Digital Control Lda. que possam ser ou vir a ser do seu interesse. Pode sempre optar por cancelar a subscri\u00e7\u00e3o. Tem o direito em qualquer altura de n\u00e3o permitir que seja contactado para campanhas de marketing, bastando para tal enviar um e-mail para geral@digitalcontrol.pt<\/p><h4>4. Acesso e Corre\u00e7\u00e3o da sua informa\u00e7\u00e3o<\/h4><p>Tem o direito de solicitar uma c\u00f3pia da informa\u00e7\u00e3o que temos acerca de si. Se quiser solicitar uma c\u00f3pia da informa\u00e7\u00e3o parcial ou total da sua informa\u00e7\u00e3o retida pela Incognit Domain \u2013 Digital Control Lda. por favor envie-nos um email para geral@digitalcontrol.pt ou escreva-nos para Incognit Domain \u2013 Digital Control Lda. Rua do Forno, 72 4505-618 Santa Maria da Feira, Portugal<\/p><p>Queremos ter a certeza da exatid\u00e3o e fiabilidade da informa\u00e7\u00e3o que retemos acerca de si. Pode-nos solicitar a corre\u00e7\u00e3o ou remo\u00e7\u00e3o da informa\u00e7\u00e3o que n\u00e3o esteja atualizada.<\/p><h4>5. Cookies<\/h4><p>S\u00e3o pequenos ficheiros de texto guardados no seu computador que servem para recolher informa\u00e7\u00e3o acerca do seu dispositivo e informa\u00e7\u00e3o acerca da sua experi\u00eancia de utiliza\u00e7\u00e3o. Esta informa\u00e7\u00e3o \u00e9 usada para registar o n\u00famero de visitas efetuadas e compilar informa\u00e7\u00e3o estat\u00edstica acerca da atividade do site. A Incognit Domain \u2013 Digital Control Lda. implementou um aviso de cookies, que aparece quando entra pela primeira vez no site.<\/p><p>A Incognit Domain \u2013 Digital Control Lda. usa cookies essenciais para a an\u00e1lise estat\u00edstica e comportamental do site (GoogleAnalytics). A informa\u00e7\u00e3o relativa aos cookies \u00e9 controlada e acedida pelo propriet\u00e1rio do Website. De acordo com a informa\u00e7\u00e3o acima fornecida, como utilizador, est\u00e1 a consentir expressamente o uso dos cookies de que se fez refer\u00eancia para os fins previstos para cada um dos mesmos.<\/p><p>Informa\u00e7\u00e3o espec\u00edfica sobre os cookies de terceiros do Google Analytics pode ser obtida aqui: https:\/\/developers.google.com\/analytics\/devguides\/collection\/analyticsjs\/cookie-usage<\/p><p>O conte\u00fado e exatid\u00e3o dos termos e condi\u00e7\u00f5es de uso das pol\u00edticas de privacidade de terceiros \u00e9 da responsabilidade dos mesmos.<\/p><p>Pode obter mais informa\u00e7\u00e3o no site https:\/\/cookiesandyou.com\/.<\/p><p>Pode tamb\u00e9m configurar o seu browser para n\u00e3o aceitar cookies e os websites mencionados anteriormente explicam-lhe como pode tira-los. No entanto, a n\u00e3o aceita\u00e7\u00e3o de cookies, pode resultar na execu\u00e7\u00e3o incorreta de algumas funcionalidades do Website. Nenhum dos cookies usados \u00e9 essencial para usar o website, para uma funcionalidade em particular ou para melhorar o desempenho do website.<\/p><p>A utiliza\u00e7\u00e3o de cookies pela Incognit Domain \u2013 Digital Control Lda. \u00a0tem como objetivo analisar o uso do website e permitir-lhe ter uma experi\u00eancia de navega\u00e7\u00e3o sem problemas bem como proceder a uma melhoria cont\u00ednua de conte\u00fados; n\u00e3o recolhemos Dados Pessoais atrav\u00e9s de cookies.<\/p><p>Os cookies n\u00e3o ser\u00e3o usados para nenhum outro prop\u00f3sito dos mencionados no ponto anterior.<\/p><h4>6. Outros websites<\/h4><p>Este website pode conter links para outros websites. Este comunicado de privacidade apenas se aplica a este website. Deve ler as pol\u00edticas de privacidade dos outros websites.<\/p><h4>7. Contactos<\/h4><p>Se tiver alguma quest\u00e3o acerca da nossa pol\u00edtica de privacidade ou da informa\u00e7\u00e3o que temos sobre si envie um e-mail para geral@digitalcontrol.pt<\/p><\/div><\/div><\/div>\t\t\t\t\t\t\t\t<\/div>\n\t\t\t\t<\/div>\n\t\t\t\t\t<\/div>\n\t\t\t\t<\/div>\n\t\t\t\t<\/div>\n\t\t","protected":false},"excerpt":{"rendered":"<p>Pol\u00edtica de Privacidade Artigos 8\u00ba, 13\u00ba, 14\u00ba e 21\u00ba do Regulamento Geral de Protec\u00e7\u00e3o de Dados &#8211; RGPD Obrigado por ter mostrado interesse na Incognit Domain \u2013 Digital Control Lda. A prote\u00e7\u00e3o de dados \u00e9 priorit\u00e1ria para n\u00f3s, da\u00ed apresentarmos aqui a nossa pol\u00edtica de privacidade. Embora seja poss\u00edvel utilizar o nosso site sem qualquer indica\u00e7\u00e3o de dados pessoais, para determinados servi\u00e7os \u00e9 necess\u00e1rio o envio consentido dos mesmos. Desta forma a Incognit Domain \u2013 Digital Control Lda. pretende informar os utilizadores do nosso web site sobre a natureza, alcance e finalidade dos dados recolhidos. 1. \u00c2mbito da nossa Pol\u00edtica de Privacidade A presente pol\u00edtica de privacidade abrange o website da Incognit Domain \u2013 Digital Control Lda. e explica como \u00e9 usado a informa\u00e7\u00e3o pessoal que recolhemos acerca de si quando usa este website. A Incognit Domain \u2013 Digital Control Lda.respeita a privacidade do Utilizador e processa os dados pessoais de acordo com as leis em vigor. Os dados n\u00e3o ser\u00e3o processados para outros fins que n\u00e3o os aqui especificados. A Incognit Domain \u2013 Digital Control Lda. reserva-se no direito de modificar ou atualizar esta Pol\u00edtica de Privacidade a qualquer momento, nomeadamente para adapt\u00e1-la a altera\u00e7\u00f5es legislativas. 2. Qual a informa\u00e7\u00e3o que recolhemos? Recolhemos informa\u00e7\u00e3o quando envia formul\u00e1rios de contacto a partir do site ou quando utiliza a ferramenta de conversa\u00e7\u00e3o, nomeadamente os contactos por email e telef\u00f3nicos. Assim, apenas recolhemos a informa\u00e7\u00e3o que preenche nos formul\u00e1rios enviados. A informa\u00e7\u00e3o de uso do website \u00e9 recolhida usando cookies. 3. Como utilizamos essa informa\u00e7\u00e3o? Os dados recolhidos servem apenas para dar continuidade ao contacto que solicitou. A Incognit Domain \u2013 Digital Control Lda. n\u00e3o partilha a sua informa\u00e7\u00e3o com terceiros. Poderemos enviar informa\u00e7\u00e3o acerca dos produtos e servi\u00e7os da Incognit Domain \u2013 Digital Control Lda. que possam ser ou vir a ser do seu interesse. Pode sempre optar por cancelar a subscri\u00e7\u00e3o. Tem o direito em qualquer altura de n\u00e3o permitir que seja contactado para campanhas de marketing, bastando para tal enviar um e-mail para geral@digitalcontrol.pt 4. Acesso e Corre\u00e7\u00e3o da sua informa\u00e7\u00e3o Tem o direito de solicitar uma c\u00f3pia da informa\u00e7\u00e3o que temos acerca de si. Se quiser solicitar uma c\u00f3pia da informa\u00e7\u00e3o parcial ou total da sua informa\u00e7\u00e3o retida pela Incognit Domain \u2013 Digital Control Lda. por favor envie-nos um email para geral@digitalcontrol.pt ou escreva-nos para Incognit Domain \u2013 Digital Control Lda. Rua do Forno, 72 4505-618 Santa Maria da Feira, Portugal Queremos ter a certeza da exatid\u00e3o e fiabilidade da informa\u00e7\u00e3o que retemos acerca de si. Pode-nos solicitar a corre\u00e7\u00e3o ou remo\u00e7\u00e3o da informa\u00e7\u00e3o que n\u00e3o esteja atualizada. 5. Cookies S\u00e3o pequenos ficheiros de texto guardados no seu computador que servem para recolher informa\u00e7\u00e3o acerca do seu dispositivo e informa\u00e7\u00e3o acerca da sua experi\u00eancia de utiliza\u00e7\u00e3o. Esta informa\u00e7\u00e3o \u00e9 usada para registar o n\u00famero de visitas efetuadas e compilar informa\u00e7\u00e3o estat\u00edstica acerca da atividade do site. A Incognit Domain \u2013 Digital Control Lda. implementou um aviso de cookies, que aparece quando entra pela primeira vez no site. A Incognit Domain \u2013 Digital Control Lda. usa cookies essenciais para a an\u00e1lise estat\u00edstica e comportamental do site (GoogleAnalytics). A informa\u00e7\u00e3o relativa aos cookies \u00e9 controlada e acedida pelo propriet\u00e1rio do Website. De acordo com a informa\u00e7\u00e3o acima fornecida, como utilizador, est\u00e1 a consentir expressamente o uso dos cookies de que se fez refer\u00eancia para os fins previstos para cada um dos mesmos. Informa\u00e7\u00e3o espec\u00edfica sobre os cookies de terceiros do Google Analytics pode ser obtida aqui: https:\/\/developers.google.com\/analytics\/devguides\/collection\/analyticsjs\/cookie-usage O conte\u00fado e exatid\u00e3o dos termos e condi\u00e7\u00f5es de uso das pol\u00edticas de privacidade de terceiros \u00e9 da responsabilidade dos mesmos. Pode obter mais informa\u00e7\u00e3o no site https:\/\/cookiesandyou.com\/. Pode tamb\u00e9m configurar o seu browser para n\u00e3o aceitar cookies e os websites mencionados anteriormente explicam-lhe como pode tira-los. No entanto, a n\u00e3o aceita\u00e7\u00e3o de cookies, pode resultar na execu\u00e7\u00e3o incorreta de algumas funcionalidades do Website. Nenhum dos cookies usados \u00e9 essencial para usar o website, para uma funcionalidade em particular ou para melhorar o desempenho do website. A utiliza\u00e7\u00e3o de cookies pela Incognit Domain \u2013 Digital Control Lda. \u00a0tem como objetivo analisar o uso do website e permitir-lhe ter uma experi\u00eancia de navega\u00e7\u00e3o sem problemas bem como proceder a uma melhoria cont\u00ednua de conte\u00fados; n\u00e3o recolhemos Dados Pessoais atrav\u00e9s de cookies. Os cookies n\u00e3o ser\u00e3o usados para nenhum outro prop\u00f3sito dos mencionados no ponto anterior. 6. Outros websites Este website pode conter links para outros websites. Este comunicado de privacidade apenas se aplica a este website. Deve ler as pol\u00edticas de privacidade dos outros websites. 7. Contactos Se tiver alguma quest\u00e3o acerca da nossa pol\u00edtica de privacidade ou da informa\u00e7\u00e3o que temos sobre si envie um e-mail para geral@digitalcontrol.pt<\/p>\n","protected":false},"author":2,"featured_media":0,"parent":0,"menu_order":0,"comment_status":"closed","ping_status":"closed","template":"","meta":{"footnotes":""},"class_list":["post-213","page","type-page","status-publish","hentry"],"_links":{"self":[{"href":"https:\/\/homedigitalcontrol.pt\/index.php\/wp-json\/wp\/v2\/pages\/213","targetHints":{"allow":["GET"]}}],"collection":[{"href":"https:\/\/homedigitalcontrol.pt\/index.php\/wp-json\/wp\/v2\/pages"}],"about":[{"href":"https:\/\/homedigitalcontrol.pt\/index.php\/wp-json\/wp\/v2\/types\/page"}],"author":[{"embeddable":true,"href":"https:\/\/homedigitalcontrol.pt\/index.php\/wp-json\/wp\/v2\/users\/2"}],"replies":[{"embeddable":true,"href":"https:\/\/homedigitalcontrol.pt\/index.php\/wp-json\/wp\/v2\/comments?post=213"}],"version-history":[{"count":0,"href":"https:\/\/homedigitalcontrol.pt\/index.php\/wp-json\/wp\/v2\/pages\/213\/revisions"}],"wp:attachment":[{"href":"https:\/\/homedigitalcontrol.pt\/index.php\/wp-json\/wp\/v2\/media?parent=213"}],"curies":[{"name":"wp","href":"https:\/\/api.w.org\/{rel}","templated":true}]}}